{"id":116,"date":"2011-10-19T12:00:45","date_gmt":"2011-10-19T11:00:45","guid":{"rendered":"http:\/\/e-sanchez.com\/blog\/"},"modified":"2014-01-09T23:39:28","modified_gmt":"2014-01-09T22:39:28","slug":"la-agenda-del-traductor","status":"publish","type":"page","link":"https:\/\/e-sanchez.com\/blog\/la-agenda-del-traductor\/","title":{"rendered":"La agenda del traductor"},"content":{"rendered":"<p>En esta secci\u00f3n intentar\u00e9 publicar todos los \u00absaraos\u00bb traductoriles y traductol\u00f3gicos que haya a lo largo del mundo mundial. El calendario es p\u00fablico, puedes a\u00f1adirlo a tus calendarios de Google a trav\u00e9s de la siguiente direcci\u00f3n (en formato iCal):<code> <\/code><\/p>\n<div><a href=\"https:\/\/www.google.com\/calendar\/ical\/uudo8r3kt44a5rqufi3togv8qc%40group.calendar.google.com\/public\/basic.ics\" target=\"_blank\">https:\/\/www.google.com\/calendar\/ical\/uudo8r3kt44a5rqufi3togv8qc%40group.calendar.google.com\/public\/basic.ics<\/a><\/div>\n<div>Si quieres a\u00f1adir algo interesante, puedes enviarme los datos, a ser posible tambi\u00e9n la direcci\u00f3n web, y lo incluir\u00e9 en el calendario.<\/div>\n<h3><\/h3>\n<p><iframe loading=\"lazy\" style=\"border-width: 0;\" src=\"https:\/\/www.google.com\/calendar\/b\/0\/embed?height=600&amp;wkst=1&amp;bgcolor=%2366ff99&amp;src=uudo8r3kt44a5rqufi3togv8qc%40group.calendar.google.com&amp;color=%23125A12&amp;ctz=Atlantic%2FCanary\" height=\"600\" width=\"650\" frameborder=\"0\" scrolling=\"no\"><\/iframe><\/p>\n<h3><\/h3>\n<p>Aqu\u00ed ten\u00e9is un mapa con las ubicaciones aproximadas. Curiosamente los cursos y charlas que se realizan \u00abonline\u00bb aparecen en Alemania, pero al menos salen en la lista. :)<br \/>\n<iframe loading=\"lazy\" src=\"http:\/\/chadnorwood.com\/gcm\/?gc=uudo8r3kt44a5rqufi3togv8qc%2540group.calendar.google.com#\" height=\"800\" width=\"100%\"><\/iframe><\/p>\n<h3><\/h3>\n","protected":false},"excerpt":{"rendered":"<p>En esta secci\u00f3n intentar\u00e9 publicar todos los \u00absaraos\u00bb traductoriles y traductol\u00f3gicos que haya a lo largo del mundo mundial. El calendario es p\u00fablico, puedes a\u00f1adirlo a tus calendarios de Google a trav\u00e9s de la siguiente direcci\u00f3n (en formato iCal): https:\/\/www.google.com\/calendar\/ical\/uudo8r3kt44a5rqufi3togv8qc%40group.calendar.google.com\/public\/basic.ics Si quieres a\u00f1adir algo interesante, puedes enviarme los datos, a ser posible tambi\u00e9n la direcci\u00f3n [&hellip;]<\/p>\n","protected":false},"author":9,"featured_media":0,"parent":0,"menu_order":0,"comment_status":"open","ping_status":"open","template":"","meta":{"jetpack_post_was_ever_published":false,"footnotes":""},"class_list":["post-116","page","type-page","status-publish","hentry"],"jetpack_sharing_enabled":true,"jetpack_shortlink":"https:\/\/wp.me\/PmWtI-1S","jetpack-related-posts":[],"_links":{"self":[{"href":"https:\/\/e-sanchez.com\/blog\/wp-json\/wp\/v2\/pages\/116","targetHints":{"allow":["GET"]}}],"collection":[{"href":"https:\/\/e-sanchez.com\/blog\/wp-json\/wp\/v2\/pages"}],"about":[{"href":"https:\/\/e-sanchez.com\/blog\/wp-json\/wp\/v2\/types\/page"}],"author":[{"embeddable":true,"href":"https:\/\/e-sanchez.com\/blog\/wp-json\/wp\/v2\/users\/9"}],"replies":[{"embeddable":true,"href":"https:\/\/e-sanchez.com\/blog\/wp-json\/wp\/v2\/comments?post=116"}],"version-history":[{"count":0,"href":"https:\/\/e-sanchez.com\/blog\/wp-json\/wp\/v2\/pages\/116\/revisions"}],"wp:attachment":[{"href":"https:\/\/e-sanchez.com\/blog\/wp-json\/wp\/v2\/media?parent=116"}],"curies":[{"name":"wp","href":"https:\/\/api.w.org\/{rel}","templated":true}]}}